{"id":2372,"date":"2025-03-24T17:06:28","date_gmt":"2025-03-24T16:06:28","guid":{"rendered":"https:\/\/slimbeleggenvoorlater.nl\/?page_id=2372"},"modified":"2025-05-27T11:45:04","modified_gmt":"2025-05-27T09:45:04","slug":"meer-opbouwen","status":"publish","type":"page","link":"https:\/\/slimbeleggenvoorlater.nl\/nl\/meer-opbouwen\/","title":{"rendered":"Meer opbouwen"},"content":{"rendered":"\t\t<div data-elementor-type=\"wp-post\" data-elementor-id=\"2372\" class=\"elementor elementor-2372\" data-elementor-post-type=\"page\">\n\t\t\t\t<div class=\"elementor-element elementor-element-b5b8909 e-flex e-con-boxed e-con e-parent\" data-id=\"b5b8909\" data-element_type=\"container\" data-e-type=\"container\" id=\"jeroen\" data-settings=\"{&quot;background_background&quot;:&quot;gradient&quot;}\">\n\t\t\t\t\t<div class=\"e-con-inner\">\n\t\t<div class=\"elementor-element elementor-element-c0d7561 e-con-full e-flex e-con e-child\" data-id=\"c0d7561\" data-element_type=\"container\" data-e-type=\"container\">\n\t\t\t\t<div class=\"elementor-element elementor-element-26543fa elementor-widget__width-inherit elementor-widget elementor-widget-heading\" data-id=\"26543fa\" data-element_type=\"widget\" data-e-type=\"widget\" data-widget_type=\"heading.default\">\n\t\t\t\t<div class=\"elementor-widget-container\">\n\t\t\t\t\t<h2 class=\"elementor-heading-title elementor-size-default\">Meer flexibiliteit en rendement\n<\/h2>\t\t\t\t<\/div>\n\t\t\t\t<\/div>\n\t\t\t\t<div class=\"elementor-element elementor-element-470828a elementor-widget__width-inherit elementor-widget elementor-widget-text-editor\" data-id=\"470828a\" data-element_type=\"widget\" data-e-type=\"widget\" data-widget_type=\"text-editor.default\">\n\t\t\t\t<div class=\"elementor-widget-container\">\n\t\t\t\t\t\t\t\t\t<div><p><strong>Meer opbouwen<\/strong><\/p><p>Wij verwachten dat onze slimme portefeuille van schaarse beleggingen het op lange termijn beter zal doen dan een traditionele portefeuille met (veel) obligaties. Dat kan tot grote verschillen in opgebouwd vermogen leiden.<\/p><p>Bijvoorbeeld: stel u stort 20 jaar lang elk jaar een fiscale jaarruimte van \u20ac15.000 op een geblokkeerde lijfrenterekening. U stort in totaal dus \u20ac300.000 in die 20 jaar. Bij een vast jaarrendement van 4% groeit het vermogen dan tot bijna \u20ac465.000. Bij een jaarrendement van 8% komt het opgebouwd vermogen uit op \u20ac740.000, ofwel 60% meer.<\/p><p><i style=\"font-size: 13px;\">Dit is een gestileerd voorbeeld om inzicht te geven in de mogelijke verschillen in opgebouwd vermogen bij verschillende rendementen. Historisch gezien heeft het Blokland Smart Multi-Asset Fund hogere rendementen behaald, weliswaar op basis van een relatief korte historie. Rendementen behaald in het verleden bieden geen garantie voor de toekomst.<br \/><\/i><\/p><\/div>\t\t\t\t\t\t\t\t<\/div>\n\t\t\t\t<\/div>\n\t\t\t\t<\/div>\n\t\t<div class=\"elementor-element elementor-element-a29d363 e-con-full e-flex e-con e-child\" data-id=\"a29d363\" data-element_type=\"container\" data-e-type=\"container\">\n\t\t\t\t<div class=\"elementor-element elementor-element-4945c7b elementor-widget elementor-widget-image\" data-id=\"4945c7b\" data-element_type=\"widget\" data-e-type=\"widget\" data-widget_type=\"image.default\">\n\t\t\t\t<div class=\"elementor-widget-container\">\n\t\t\t\t\t\t\t\t\t\t\t\t\t\t\t<img fetchpriority=\"high\" decoding=\"async\" width=\"800\" height=\"924\" src=\"https:\/\/slimbeleggenvoorlater.nl\/wp-content\/uploads\/2023\/10\/Logo-los-887x1024.png\" class=\"attachment-large size-large wp-image-78\" alt=\"\" srcset=\"https:\/\/slimbeleggenvoorlater.nl\/wp-content\/uploads\/2023\/10\/Logo-los-887x1024.png 887w, https:\/\/slimbeleggenvoorlater.nl\/wp-content\/uploads\/2023\/10\/Logo-los-260x300.png 260w, https:\/\/slimbeleggenvoorlater.nl\/wp-content\/uploads\/2023\/10\/Logo-los-768x887.png 768w, https:\/\/slimbeleggenvoorlater.nl\/wp-content\/uploads\/2023\/10\/Logo-los-200x231.png 200w, https:\/\/slimbeleggenvoorlater.nl\/wp-content\/uploads\/2023\/10\/Logo-los.png 1179w\" sizes=\"(max-width: 800px) 100vw, 800px\" \/>\t\t\t\t\t\t\t\t\t\t\t\t\t\t\t<\/div>\n\t\t\t\t<\/div>\n\t\t\t\t<\/div>\n\t\t\t\t\t<\/div>\n\t\t\t\t<\/div>\n\t\t<div class=\"elementor-element elementor-element-f12a621 e-flex e-con-boxed e-con e-parent\" data-id=\"f12a621\" data-element_type=\"container\" data-e-type=\"container\">\n\t\t\t\t\t<div class=\"e-con-inner\">\n\t\t\t\t<div class=\"elementor-element elementor-element-983bc43 elementor-widget elementor-widget-heading\" data-id=\"983bc43\" data-element_type=\"widget\" data-e-type=\"widget\" data-widget_type=\"heading.default\">\n\t\t\t\t<div class=\"elementor-widget-container\">\n\t\t\t\t\t<h3 class=\"elementor-heading-title elementor-size-default\">Meer flexibiliteit\n<\/h3>\t\t\t\t<\/div>\n\t\t\t\t<\/div>\n\t\t\t\t<div class=\"elementor-element elementor-element-fdea03a elementor-widget__width-inherit elementor-widget elementor-widget-text-editor\" data-id=\"fdea03a\" data-element_type=\"widget\" data-e-type=\"widget\" data-widget_type=\"text-editor.default\">\n\t\t\t\t<div class=\"elementor-widget-container\">\n\t\t\t\t\t\t\t\t\t<div><p>De Nederlandse pensioenen versoberen. Bovendien liggen de risico\u2019s in het nieuwe pensioenstelsel grotendeels bij u als deelnemer. Als u, bijvoorbeeld als zelfstandige of bedrijfseigenaar, geen pensioen opbouwt, kan uw koopkracht door inflatie teruglopen. Dit alles vergroot de noodzaak om zelf (extra) pensioen op te bouwen. Ook omdat fiscaal aantrekkelijk pensioenbeleggen steeds flexibeler wordt.<\/p><p>Zo heeft u in de meeste gevallen vijf jaar de tijd na uw AOW-leeftijd om uw pensioenuitkeringen in te laten gaan. U bent dus niet gebonden aan \u00e9\u00e9n vaste datum. Daarnaast hoeft uw opgebouwde vermogen ook niet in \u00e9\u00e9n keer te worden omgezet.<\/p><p>Dit geeft u de ruimte om uw portefeuille met het Blokland Smart Multi-Asset Fund slimmer en rendementsgericht in te richten. Het Blokland Smart Multi-Asset Fund streeft naar een significant hoger rendement in de opbouwfase dan traditionele pensioenaanbieders. Daarmee vergroot u de kans dat u m\u00e9\u00e9r vermogen op een voor u gunstig moment kunt omzetten in pensioen.<\/p><p>We hebben dit aan de hand van een voorbeeld voor u in kaart gebracht. Stel dat de aandelenbeurzen net v\u00f3\u00f3r uw AOW-leeftijd met 30% zijn gedaald. Op basis van historische data is de kans dan slechts 5% dat uw vermogen in het Blokland Smart Multi-Asset Fund na vijf jaar niet volledig hersteld is. Daarentegen is de kans 40% dat uw vermogen in die periode juist hoger uitkomt dan op uw AOW-leeftijd.<\/p><p>De combinatie van onze beleggingsmix (aandelen, goud en Bitcoin), de Handrem-strategie en de flexibele periode tot vijf jaar na uw AOW-leeftijd biedt dus aanzienlijke herstelruimte, mocht de markt op het moment van uw AOW-leeftijd toch tegenzitten.<\/p><\/div>\t\t\t\t\t\t\t\t<\/div>\n\t\t\t\t<\/div>\n\t\t\t\t\t<\/div>\n\t\t\t\t<\/div>\n\t\t<div class=\"elementor-element elementor-element-286b615 e-flex e-con-boxed e-con e-parent\" data-id=\"286b615\" data-element_type=\"container\" data-e-type=\"container\" data-settings=\"{&quot;background_background&quot;:&quot;gradient&quot;}\">\n\t\t\t\t\t<div class=\"e-con-inner\">\n\t\t<div class=\"elementor-element elementor-element-fd07242 e-con-full e-flex e-con e-child\" data-id=\"fd07242\" data-element_type=\"container\" data-e-type=\"container\">\n\t\t\t\t<div class=\"elementor-element elementor-element-0123a95 elementor-widget elementor-widget-text-editor\" data-id=\"0123a95\" data-element_type=\"widget\" data-e-type=\"widget\" data-widget_type=\"text-editor.default\">\n\t\t\t\t<div class=\"elementor-widget-container\">\n\t\t\t\t\t\t\t\t\t<div><p>Heeft u hulp nodig, of wilt u meer informatie? Neem dan contact met ons op<\/p><\/div>\t\t\t\t\t\t\t\t<\/div>\n\t\t\t\t<\/div>\n\t\t\t\t<\/div>\n\t\t<div class=\"elementor-element elementor-element-9aba769 e-con-full e-flex e-con e-child\" data-id=\"9aba769\" data-element_type=\"container\" data-e-type=\"container\">\n\t\t\t\t<div class=\"elementor-element elementor-element-8abf103 elementor-align-justify elementor-widget elementor-widget-button\" data-id=\"8abf103\" data-element_type=\"widget\" data-e-type=\"widget\" data-widget_type=\"button.default\">\n\t\t\t\t<div class=\"elementor-widget-container\">\n\t\t\t\t\t\t\t\t\t<div class=\"elementor-button-wrapper\">\n\t\t\t\t\t<a class=\"elementor-button elementor-button-link elementor-size-md\" href=\"https:\/\/slimbeleggenvoorlater.nl\/contact\/\">\n\t\t\t\t\t\t<span class=\"elementor-button-content-wrapper\">\n\t\t\t\t\t\t\t\t\t<span class=\"elementor-button-text\">Neem contact op<\/span>\n\t\t\t\t\t<\/span>\n\t\t\t\t\t<\/a>\n\t\t\t\t<\/div>\n\t\t\t\t\t\t\t\t<\/div>\n\t\t\t\t<\/div>\n\t\t\t\t<\/div>\n\t\t\t\t\t<\/div>\n\t\t\t\t<\/div>\n\t\t\t\t<\/div>\n\t\t","protected":false},"excerpt":{"rendered":"<p>Meer flexibiliteit en rendement Meer opbouwen Wij verwachten dat onze slimme portefeuille van schaarse beleggingen het op lange termijn beter zal doen dan een traditionele portefeuille met (veel) obligaties. Dat kan tot grote verschillen in opgebouwd vermogen leiden. Bijvoorbeeld: stel u stort 20 jaar lang elk jaar een fiscale jaarruimte van \u20ac15.000 op een geblokkeerde [&hellip;]<\/p>\n","protected":false},"author":4,"featured_media":0,"parent":0,"menu_order":0,"comment_status":"closed","ping_status":"closed","template":"elementor_header_footer","meta":{"iawp_total_views":17,"footnotes":""},"class_list":["post-2372","page","type-page","status-publish","hentry"],"_links":{"self":[{"href":"https:\/\/slimbeleggenvoorlater.nl\/nl\/wp-json\/wp\/v2\/pages\/2372","targetHints":{"allow":["GET"]}}],"collection":[{"href":"https:\/\/slimbeleggenvoorlater.nl\/nl\/wp-json\/wp\/v2\/pages"}],"about":[{"href":"https:\/\/slimbeleggenvoorlater.nl\/nl\/wp-json\/wp\/v2\/types\/page"}],"author":[{"embeddable":true,"href":"https:\/\/slimbeleggenvoorlater.nl\/nl\/wp-json\/wp\/v2\/users\/4"}],"replies":[{"embeddable":true,"href":"https:\/\/slimbeleggenvoorlater.nl\/nl\/wp-json\/wp\/v2\/comments?post=2372"}],"version-history":[{"count":10,"href":"https:\/\/slimbeleggenvoorlater.nl\/nl\/wp-json\/wp\/v2\/pages\/2372\/revisions"}],"predecessor-version":[{"id":2472,"href":"https:\/\/slimbeleggenvoorlater.nl\/nl\/wp-json\/wp\/v2\/pages\/2372\/revisions\/2472"}],"wp:attachment":[{"href":"https:\/\/slimbeleggenvoorlater.nl\/nl\/wp-json\/wp\/v2\/media?parent=2372"}],"curies":[{"name":"wp","href":"https:\/\/api.w.org\/{rel}","templated":true}]}}